{"id":661,"date":"2022-07-19T10:51:00","date_gmt":"2022-07-19T08:51:00","guid":{"rendered":"https:\/\/airconfort.mmkt.dev\/?page_id=661"},"modified":"2024-01-03T20:19:50","modified_gmt":"2024-01-03T19:19:50","slug":"contacta-expertos-sistemas-climatizacion","status":"publish","type":"page","link":"https:\/\/airconfortvalles.com\/es\/contacta-expertos-sistemas-climatizacion\/","title":{"rendered":"Contacto"},"content":{"rendered":"<style>.kb-row-layout-id661_b08ef7-c0 > .kt-row-column-wrap{align-content:start;}:where(.kb-row-layout-id661_b08ef7-c0 > .kt-row-column-wrap) > .wp-block-kadence-column{justify-content:start;}.kb-row-layout-id661_b08ef7-c0 > .kt-row-column-wrap{column-gap:var(--global-kb-gap-md, 2rem);row-gap:var(--global-kb-gap-md, 2rem);max-width:var( --global-content-width, 1290px );padding-left:var(--global-content-edge-padding);padding-right:var(--global-content-edge-padding);padding-top:80px;padding-bottom:140px;grid-template-columns:minmax(0, 1fr);}.kb-row-layout-id661_b08ef7-c0 > .kt-row-layout-overlay{opacity:0.30;}@media all and (max-width: 1024px){.kb-row-layout-id661_b08ef7-c0 > .kt-row-column-wrap{padding-top:50px;padding-bottom:50px;grid-template-columns:minmax(0, 1fr);}}@media all and (max-width: 767px){.kb-row-layout-id661_b08ef7-c0 > .kt-row-column-wrap{grid-template-columns:minmax(0, 1fr);}}<\/style><div class=\"kb-row-layout-wrap kb-row-layout-id661_b08ef7-c0 alignnone wp-block-kadence-rowlayout\"><div class=\"kt-row-column-wrap kt-has-1-columns kt-row-layout-equal kt-tab-layout-inherit kt-mobile-layout-row kt-row-valign-top kt-inner-column-height-full kb-theme-content-width\">\n<style>.kadence-column661_d2e42c-e0 > .kt-inside-inner-col,.kadence-column661_d2e42c-e0 > .kt-inside-inner-col:before{border-top-left-radius:0px;border-top-right-radius:0px;border-bottom-right-radius:0px;border-bottom-left-radius:0px;}.kadence-column661_d2e42c-e0 > .kt-inside-inner-col:before{opacity:0.3;}.kadence-column661_d2e42c-e0{position:relative;}<\/style>\n<div class=\"wp-block-kadence-column kadence-column661_d2e42c-e0 inner-column-1\"><div class=\"kt-inside-inner-col\"><style>.wp-block-kadence-advancedheading.kt-adv-heading661_71176b-c5, .wp-block-kadence-advancedheading.kt-adv-heading661_71176b-c5[data-kb-block=\"kb-adv-heading661_71176b-c5\"]{padding-top:0px;padding-bottom:0px;text-align:center;font-size:24px;font-style:normal;}.wp-block-kadence-advancedheading.kt-adv-heading661_71176b-c5 mark, .wp-block-kadence-advancedheading.kt-adv-heading661_71176b-c5[data-kb-block=\"kb-adv-heading661_71176b-c5\"] mark{font-style:normal;color:#f76a0c;padding-top:0px;padding-right:0px;padding-bottom:0px;padding-left:0px;}@media all and (max-width: 1024px){.wp-block-kadence-advancedheading.kt-adv-heading661_71176b-c5, .wp-block-kadence-advancedheading.kt-adv-heading661_71176b-c5[data-kb-block=\"kb-adv-heading661_71176b-c5\"]{font-size:20px;}}@media all and (max-width: 767px){.wp-block-kadence-advancedheading.kt-adv-heading661_71176b-c5, .wp-block-kadence-advancedheading.kt-adv-heading661_71176b-c5[data-kb-block=\"kb-adv-heading661_71176b-c5\"]{font-size:16px;}}<\/style>\n<h2 class=\"kt-adv-heading661_71176b-c5 wp-block-kadence-advancedheading\" data-kb-block=\"kb-adv-heading661_71176b-c5\">A continuaci\u00f3n,&nbsp;puede dejarnos su mensaje&nbsp;respecto nuestros&nbsp;sistemas de&nbsp;mantenimiento de climatizaci\u00f3n, instalaciones,&nbsp;servicios y proyectos a medida, le responderemos a la mayor brevedad.<\/h2>\n<\/div><\/div>\n\n<\/div><\/div>","protected":false},"excerpt":{"rendered":"<p>A continuaci\u00f3n,&nbsp;puede dejarnos su mensaje&nbsp;respecto nuestros&nbsp;sistemas de&nbsp;mantenimiento de climatizaci\u00f3n, instalaciones,&nbsp;servicios y proyectos a medida, le responderemos a la mayor brevedad.<\/p>\n","protected":false},"author":1,"featured_media":0,"parent":0,"menu_order":0,"comment_status":"closed","ping_status":"closed","template":"","meta":{"_kad_blocks_custom_css":"","_kad_blocks_head_custom_js":"","_kad_blocks_body_custom_js":"","_kad_blocks_footer_custom_js":"","_kad_post_transparent":"","_kad_post_title":"default","_kad_post_layout":"default","_kad_post_sidebar_id":"","_kad_post_content_style":"","_kad_post_vertical_padding":"","_kad_post_feature":"","_kad_post_feature_position":"","_kad_post_header":false,"_kad_post_footer":false,"footnotes":""},"class_list":["post-661","page","type-page","status-publish","hentry"],"acf":[],"yoast_head":"<!-- This site is optimized with the Yoast SEO plugin v21.4 - https:\/\/yoast.com\/wordpress\/plugins\/seo\/ -->\n<title>Contacta Expertos en Sistemas de Climatizaci\u00f3n. Air-Confort Vall\u00e9s<\/title>\n<meta name=\"description\" content=\"Servicios de Climatizaci\u00f3n en naves industriales, comercios, oficinas y particulares. Instalaciones de climatizaci\u00f3n, electricidad, fluido y energ\u00edas renovables.\" \/>\n<meta name=\"robots\" content=\"index, follow, max-snippet:-1, max-image-preview:large, max-video-preview:-1\" \/>\n<link rel=\"canonical\" href=\"https:\/\/airconfortvalles.com\/es\/contacta-expertos-sistemas-climatizacion\/\" \/>\n<meta property=\"og:locale\" content=\"es_ES\" \/>\n<meta property=\"og:type\" content=\"article\" \/>\n<meta property=\"og:title\" content=\"Contacta Expertos en Sistemas de Climatizaci\u00f3n. Air-Confort Vall\u00e9s\" \/>\n<meta property=\"og:description\" content=\"Servicios de Climatizaci\u00f3n en naves industriales, comercios, oficinas y particulares. Instalaciones de climatizaci\u00f3n, electricidad, fluido y energ\u00edas renovables.\" \/>\n<meta property=\"og:url\" content=\"https:\/\/airconfortvalles.com\/es\/contacta-expertos-sistemas-climatizacion\/\" \/>\n<meta property=\"og:site_name\" content=\"Air-Confort Vall\u00e9s\" \/>\n<meta property=\"article:modified_time\" content=\"2024-01-03T19:19:50+00:00\" \/>\n<meta name=\"twitter:card\" content=\"summary_large_image\" \/>\n<meta name=\"twitter:label1\" content=\"Tiempo de lectura\" \/>\n\t<meta name=\"twitter:data1\" content=\"1 minuto\" \/>\n<script type=\"application\/ld+json\" class=\"yoast-schema-graph\">{\"@context\":\"https:\/\/schema.org\",\"@graph\":[{\"@type\":\"WebPage\",\"@id\":\"https:\/\/airconfortvalles.com\/es\/contacta-expertos-sistemas-climatizacion\/\",\"url\":\"https:\/\/airconfortvalles.com\/es\/contacta-expertos-sistemas-climatizacion\/\",\"name\":\"Contacta Expertos en Sistemas de Climatizaci\u00f3n. Air-Confort Vall\u00e9s\",\"isPartOf\":{\"@id\":\"https:\/\/airconfortvalles.com\/es\/#website\"},\"datePublished\":\"2022-07-19T08:51:00+00:00\",\"dateModified\":\"2024-01-03T19:19:50+00:00\",\"description\":\"Servicios de Climatizaci\u00f3n en naves industriales, comercios, oficinas y particulares. Instalaciones de climatizaci\u00f3n, electricidad, fluido y energ\u00edas renovables.\",\"breadcrumb\":{\"@id\":\"https:\/\/airconfortvalles.com\/es\/contacta-expertos-sistemas-climatizacion\/#breadcrumb\"},\"inLanguage\":\"es\",\"potentialAction\":[{\"@type\":\"ReadAction\",\"target\":[\"https:\/\/airconfortvalles.com\/es\/contacta-expertos-sistemas-climatizacion\/\"]}]},{\"@type\":\"BreadcrumbList\",\"@id\":\"https:\/\/airconfortvalles.com\/es\/contacta-expertos-sistemas-climatizacion\/#breadcrumb\",\"itemListElement\":[{\"@type\":\"ListItem\",\"position\":1,\"name\":\"Portada\",\"item\":\"https:\/\/airconfortvalles.com\/es\/\"},{\"@type\":\"ListItem\",\"position\":2,\"name\":\"Contacto\"}]},{\"@type\":\"WebSite\",\"@id\":\"https:\/\/airconfortvalles.com\/es\/#website\",\"url\":\"https:\/\/airconfortvalles.com\/es\/\",\"name\":\"Air-Confort Vall\u00e9s\",\"description\":\"29 apasionantes a\u00f1os desarrollando y manteniendo instalaciones eficientes\",\"publisher\":{\"@id\":\"https:\/\/airconfortvalles.com\/es\/#organization\"},\"potentialAction\":[{\"@type\":\"SearchAction\",\"target\":{\"@type\":\"EntryPoint\",\"urlTemplate\":\"https:\/\/airconfortvalles.com\/es\/?s={search_term_string}\"},\"query-input\":\"required name=search_term_string\"}],\"inLanguage\":\"es\"},{\"@type\":\"Organization\",\"@id\":\"https:\/\/airconfortvalles.com\/es\/#organization\",\"name\":\"Air-Confort Vall\u00e9s\",\"url\":\"https:\/\/airconfortvalles.com\/es\/\",\"logo\":{\"@type\":\"ImageObject\",\"inLanguage\":\"es\",\"@id\":\"https:\/\/airconfortvalles.com\/es\/#\/schema\/logo\/image\/\",\"url\":\"https:\/\/airconfortvalles.com\/wp-content\/uploads\/2022\/09\/logotipo-empresa-1.png\",\"contentUrl\":\"https:\/\/airconfortvalles.com\/wp-content\/uploads\/2022\/09\/logotipo-empresa-1.png\",\"width\":200,\"height\":186,\"caption\":\"Air-Confort Vall\u00e9s\"},\"image\":{\"@id\":\"https:\/\/airconfortvalles.com\/es\/#\/schema\/logo\/image\/\"}}]}<\/script>\n<!-- \/ Yoast SEO plugin. -->","yoast_head_json":{"title":"Contacta Expertos en Sistemas de Climatizaci\u00f3n. Air-Confort Vall\u00e9s","description":"Servicios de Climatizaci\u00f3n en naves industriales, comercios, oficinas y particulares. Instalaciones de climatizaci\u00f3n, electricidad, fluido y energ\u00edas renovables.","robots":{"index":"index","follow":"follow","max-snippet":"max-snippet:-1","max-image-preview":"max-image-preview:large","max-video-preview":"max-video-preview:-1"},"canonical":"https:\/\/airconfortvalles.com\/es\/contacta-expertos-sistemas-climatizacion\/","og_locale":"es_ES","og_type":"article","og_title":"Contacta Expertos en Sistemas de Climatizaci\u00f3n. Air-Confort Vall\u00e9s","og_description":"Servicios de Climatizaci\u00f3n en naves industriales, comercios, oficinas y particulares. Instalaciones de climatizaci\u00f3n, electricidad, fluido y energ\u00edas renovables.","og_url":"https:\/\/airconfortvalles.com\/es\/contacta-expertos-sistemas-climatizacion\/","og_site_name":"Air-Confort Vall\u00e9s","article_modified_time":"2024-01-03T19:19:50+00:00","twitter_card":"summary_large_image","twitter_misc":{"Tiempo de lectura":"1 minuto"},"schema":{"@context":"https:\/\/schema.org","@graph":[{"@type":"WebPage","@id":"https:\/\/airconfortvalles.com\/es\/contacta-expertos-sistemas-climatizacion\/","url":"https:\/\/airconfortvalles.com\/es\/contacta-expertos-sistemas-climatizacion\/","name":"Contacta Expertos en Sistemas de Climatizaci\u00f3n. Air-Confort Vall\u00e9s","isPartOf":{"@id":"https:\/\/airconfortvalles.com\/es\/#website"},"datePublished":"2022-07-19T08:51:00+00:00","dateModified":"2024-01-03T19:19:50+00:00","description":"Servicios de Climatizaci\u00f3n en naves industriales, comercios, oficinas y particulares. Instalaciones de climatizaci\u00f3n, electricidad, fluido y energ\u00edas renovables.","breadcrumb":{"@id":"https:\/\/airconfortvalles.com\/es\/contacta-expertos-sistemas-climatizacion\/#breadcrumb"},"inLanguage":"es","potentialAction":[{"@type":"ReadAction","target":["https:\/\/airconfortvalles.com\/es\/contacta-expertos-sistemas-climatizacion\/"]}]},{"@type":"BreadcrumbList","@id":"https:\/\/airconfortvalles.com\/es\/contacta-expertos-sistemas-climatizacion\/#breadcrumb","itemListElement":[{"@type":"ListItem","position":1,"name":"Portada","item":"https:\/\/airconfortvalles.com\/es\/"},{"@type":"ListItem","position":2,"name":"Contacto"}]},{"@type":"WebSite","@id":"https:\/\/airconfortvalles.com\/es\/#website","url":"https:\/\/airconfortvalles.com\/es\/","name":"Air-Confort Vall\u00e9s","description":"29 apasionantes a\u00f1os desarrollando y manteniendo instalaciones eficientes","publisher":{"@id":"https:\/\/airconfortvalles.com\/es\/#organization"},"potentialAction":[{"@type":"SearchAction","target":{"@type":"EntryPoint","urlTemplate":"https:\/\/airconfortvalles.com\/es\/?s={search_term_string}"},"query-input":"required name=search_term_string"}],"inLanguage":"es"},{"@type":"Organization","@id":"https:\/\/airconfortvalles.com\/es\/#organization","name":"Air-Confort Vall\u00e9s","url":"https:\/\/airconfortvalles.com\/es\/","logo":{"@type":"ImageObject","inLanguage":"es","@id":"https:\/\/airconfortvalles.com\/es\/#\/schema\/logo\/image\/","url":"https:\/\/airconfortvalles.com\/wp-content\/uploads\/2022\/09\/logotipo-empresa-1.png","contentUrl":"https:\/\/airconfortvalles.com\/wp-content\/uploads\/2022\/09\/logotipo-empresa-1.png","width":200,"height":186,"caption":"Air-Confort Vall\u00e9s"},"image":{"@id":"https:\/\/airconfortvalles.com\/es\/#\/schema\/logo\/image\/"}}]}},"taxonomy_info":[],"featured_image_src_large":false,"author_info":{"display_name":"admin","author_link":"https:\/\/airconfortvalles.com\/es\/author\/jordi\/"},"comment_info":0,"_links":{"self":[{"href":"https:\/\/airconfortvalles.com\/es\/wp-json\/wp\/v2\/pages\/661","targetHints":{"allow":["GET"]}}],"collection":[{"href":"https:\/\/airconfortvalles.com\/es\/wp-json\/wp\/v2\/pages"}],"about":[{"href":"https:\/\/airconfortvalles.com\/es\/wp-json\/wp\/v2\/types\/page"}],"author":[{"embeddable":true,"href":"https:\/\/airconfortvalles.com\/es\/wp-json\/wp\/v2\/users\/1"}],"replies":[{"embeddable":true,"href":"https:\/\/airconfortvalles.com\/es\/wp-json\/wp\/v2\/comments?post=661"}],"version-history":[{"count":4,"href":"https:\/\/airconfortvalles.com\/es\/wp-json\/wp\/v2\/pages\/661\/revisions"}],"predecessor-version":[{"id":2579,"href":"https:\/\/airconfortvalles.com\/es\/wp-json\/wp\/v2\/pages\/661\/revisions\/2579"}],"wp:attachment":[{"href":"https:\/\/airconfortvalles.com\/es\/wp-json\/wp\/v2\/media?parent=661"}],"curies":[{"name":"wp","href":"https:\/\/api.w.org\/{rel}","templated":true}]}}