{"id":654,"date":"2026-04-07T13:55:43","date_gmt":"2026-04-07T13:55:43","guid":{"rendered":"https:\/\/airconfortvalles.com\/?page_id=654"},"modified":"2026-04-22T08:49:12","modified_gmt":"2026-04-22T08:49:12","slug":"servicios-para-empresas-e-industrias","status":"publish","type":"page","link":"https:\/\/airconfortvalles.com\/es\/servicios-para-empresas-e-industrias\/","title":{"rendered":"Servicios para empresas e industrias"},"content":{"rendered":"","protected":false},"excerpt":{"rendered":"","protected":false},"author":1,"featured_media":0,"parent":0,"menu_order":0,"comment_status":"closed","ping_status":"closed","template":"page-templates\/page-services-b2b.php","meta":{"_acf_changed":false,"footnotes":""},"class_list":["post-654","page","type-page","status-publish","hentry"],"acf":[],"yoast_head":"<!-- This site is optimized with the Yoast SEO plugin v27.4 - https:\/\/yoast.com\/product\/yoast-seo-wordpress\/ -->\n<title>Servicios para empresas e industrias | Air Confort Vall\u00e8s<\/title>\n<meta name=\"description\" content=\"Climatizaci\u00f3n industrial, eficiencia energ\u00e9tica, energ\u00edas renovables y mantenimiento para empresas e industrias con Air Confort Vall\u00e8s.\" \/>\n<meta name=\"robots\" content=\"index, follow, max-snippet:-1, max-image-preview:large, max-video-preview:-1\" \/>\n<link rel=\"canonical\" href=\"https:\/\/airconfortvalles.com\/es\/servicios-para-empresas-e-industrias\/\" \/>\n<meta property=\"og:locale\" content=\"es_ES\" \/>\n<meta property=\"og:type\" content=\"article\" \/>\n<meta property=\"og:title\" content=\"Servicios para empresas e industrias | Air Confort Vall\u00e8s\" \/>\n<meta property=\"og:description\" content=\"Climatizaci\u00f3n industrial, eficiencia energ\u00e9tica, energ\u00edas renovables y mantenimiento para empresas e industrias con Air Confort Vall\u00e8s.\" \/>\n<meta property=\"og:url\" content=\"https:\/\/airconfortvalles.com\/es\/servicios-para-empresas-e-industrias\/\" \/>\n<meta property=\"og:site_name\" content=\"Air Confort\" \/>\n<meta property=\"article:modified_time\" content=\"2026-04-22T08:49:12+00:00\" \/>\n<meta name=\"twitter:card\" content=\"summary_large_image\" \/>\n<script type=\"application\/ld+json\" class=\"yoast-schema-graph\">{\"@context\":\"https:\\\/\\\/schema.org\",\"@graph\":[{\"@type\":\"WebPage\",\"@id\":\"https:\\\/\\\/airconfortvalles.com\\\/es\\\/servicios-para-empresas-e-industrias\\\/\",\"url\":\"https:\\\/\\\/airconfortvalles.com\\\/es\\\/servicios-para-empresas-e-industrias\\\/\",\"name\":\"Servicios para empresas e industrias | Air Confort Vall\u00e8s\",\"isPartOf\":{\"@id\":\"https:\\\/\\\/airconfortvalles.com\\\/es\\\/#website\"},\"datePublished\":\"2026-04-07T13:55:43+00:00\",\"dateModified\":\"2026-04-22T08:49:12+00:00\",\"description\":\"Climatizaci\u00f3n industrial, eficiencia energ\u00e9tica, energ\u00edas renovables y mantenimiento para empresas e industrias con Air Confort Vall\u00e8s.\",\"breadcrumb\":{\"@id\":\"https:\\\/\\\/airconfortvalles.com\\\/es\\\/servicios-para-empresas-e-industrias\\\/#breadcrumb\"},\"inLanguage\":\"es\",\"potentialAction\":[{\"@type\":\"ReadAction\",\"target\":[\"https:\\\/\\\/airconfortvalles.com\\\/es\\\/servicios-para-empresas-e-industrias\\\/\"]}]},{\"@type\":\"BreadcrumbList\",\"@id\":\"https:\\\/\\\/airconfortvalles.com\\\/es\\\/servicios-para-empresas-e-industrias\\\/#breadcrumb\",\"itemListElement\":[{\"@type\":\"ListItem\",\"position\":1,\"name\":\"Portada\",\"item\":\"https:\\\/\\\/airconfortvalles.com\\\/es\\\/\"},{\"@type\":\"ListItem\",\"position\":2,\"name\":\"Servicios para empresas e industrias\"}]},{\"@type\":\"WebSite\",\"@id\":\"https:\\\/\\\/airconfortvalles.com\\\/es\\\/#website\",\"url\":\"https:\\\/\\\/airconfortvalles.com\\\/es\\\/\",\"name\":\"Air Confort\",\"description\":\"Eficiencia energ\u00e9tica y climatizaci\u00f3n en el Vall\u00e8s\",\"publisher\":{\"@id\":\"https:\\\/\\\/airconfortvalles.com\\\/es\\\/#organization\"},\"potentialAction\":[{\"@type\":\"SearchAction\",\"target\":{\"@type\":\"EntryPoint\",\"urlTemplate\":\"https:\\\/\\\/airconfortvalles.com\\\/es\\\/?s={search_term_string}\"},\"query-input\":{\"@type\":\"PropertyValueSpecification\",\"valueRequired\":true,\"valueName\":\"search_term_string\"}}],\"inLanguage\":\"es\"},{\"@type\":\"Organization\",\"@id\":\"https:\\\/\\\/airconfortvalles.com\\\/es\\\/#organization\",\"name\":\"Air Confort\",\"url\":\"https:\\\/\\\/airconfortvalles.com\\\/es\\\/\",\"logo\":{\"@type\":\"ImageObject\",\"inLanguage\":\"es\",\"@id\":\"https:\\\/\\\/airconfortvalles.com\\\/es\\\/#\\\/schema\\\/logo\\\/image\\\/\",\"url\":\"https:\\\/\\\/airconfortvalles.com\\\/wp-content\\\/uploads\\\/AirConfortValles.png\",\"contentUrl\":\"https:\\\/\\\/airconfortvalles.com\\\/wp-content\\\/uploads\\\/AirConfortValles.png\",\"width\":1557,\"height\":169,\"caption\":\"Air Confort\"},\"image\":{\"@id\":\"https:\\\/\\\/airconfortvalles.com\\\/es\\\/#\\\/schema\\\/logo\\\/image\\\/\"}}]}<\/script>\n<!-- \/ Yoast SEO plugin. -->","yoast_head_json":{"title":"Servicios para empresas e industrias | Air Confort Vall\u00e8s","description":"Climatizaci\u00f3n industrial, eficiencia energ\u00e9tica, energ\u00edas renovables y mantenimiento para empresas e industrias con Air Confort Vall\u00e8s.","robots":{"index":"index","follow":"follow","max-snippet":"max-snippet:-1","max-image-preview":"max-image-preview:large","max-video-preview":"max-video-preview:-1"},"canonical":"https:\/\/airconfortvalles.com\/es\/servicios-para-empresas-e-industrias\/","og_locale":"es_ES","og_type":"article","og_title":"Servicios para empresas e industrias | Air Confort Vall\u00e8s","og_description":"Climatizaci\u00f3n industrial, eficiencia energ\u00e9tica, energ\u00edas renovables y mantenimiento para empresas e industrias con Air Confort Vall\u00e8s.","og_url":"https:\/\/airconfortvalles.com\/es\/servicios-para-empresas-e-industrias\/","og_site_name":"Air Confort","article_modified_time":"2026-04-22T08:49:12+00:00","twitter_card":"summary_large_image","schema":{"@context":"https:\/\/schema.org","@graph":[{"@type":"WebPage","@id":"https:\/\/airconfortvalles.com\/es\/servicios-para-empresas-e-industrias\/","url":"https:\/\/airconfortvalles.com\/es\/servicios-para-empresas-e-industrias\/","name":"Servicios para empresas e industrias | Air Confort Vall\u00e8s","isPartOf":{"@id":"https:\/\/airconfortvalles.com\/es\/#website"},"datePublished":"2026-04-07T13:55:43+00:00","dateModified":"2026-04-22T08:49:12+00:00","description":"Climatizaci\u00f3n industrial, eficiencia energ\u00e9tica, energ\u00edas renovables y mantenimiento para empresas e industrias con Air Confort Vall\u00e8s.","breadcrumb":{"@id":"https:\/\/airconfortvalles.com\/es\/servicios-para-empresas-e-industrias\/#breadcrumb"},"inLanguage":"es","potentialAction":[{"@type":"ReadAction","target":["https:\/\/airconfortvalles.com\/es\/servicios-para-empresas-e-industrias\/"]}]},{"@type":"BreadcrumbList","@id":"https:\/\/airconfortvalles.com\/es\/servicios-para-empresas-e-industrias\/#breadcrumb","itemListElement":[{"@type":"ListItem","position":1,"name":"Portada","item":"https:\/\/airconfortvalles.com\/es\/"},{"@type":"ListItem","position":2,"name":"Servicios para empresas e industrias"}]},{"@type":"WebSite","@id":"https:\/\/airconfortvalles.com\/es\/#website","url":"https:\/\/airconfortvalles.com\/es\/","name":"Air Confort","description":"Eficiencia energ\u00e9tica y climatizaci\u00f3n en el Vall\u00e8s","publisher":{"@id":"https:\/\/airconfortvalles.com\/es\/#organization"},"potentialAction":[{"@type":"SearchAction","target":{"@type":"EntryPoint","urlTemplate":"https:\/\/airconfortvalles.com\/es\/?s={search_term_string}"},"query-input":{"@type":"PropertyValueSpecification","valueRequired":true,"valueName":"search_term_string"}}],"inLanguage":"es"},{"@type":"Organization","@id":"https:\/\/airconfortvalles.com\/es\/#organization","name":"Air Confort","url":"https:\/\/airconfortvalles.com\/es\/","logo":{"@type":"ImageObject","inLanguage":"es","@id":"https:\/\/airconfortvalles.com\/es\/#\/schema\/logo\/image\/","url":"https:\/\/airconfortvalles.com\/wp-content\/uploads\/AirConfortValles.png","contentUrl":"https:\/\/airconfortvalles.com\/wp-content\/uploads\/AirConfortValles.png","width":1557,"height":169,"caption":"Air Confort"},"image":{"@id":"https:\/\/airconfortvalles.com\/es\/#\/schema\/logo\/image\/"}}]}},"_links":{"self":[{"href":"https:\/\/airconfortvalles.com\/es\/wp-json\/wp\/v2\/pages\/654","targetHints":{"allow":["GET"]}}],"collection":[{"href":"https:\/\/airconfortvalles.com\/es\/wp-json\/wp\/v2\/pages"}],"about":[{"href":"https:\/\/airconfortvalles.com\/es\/wp-json\/wp\/v2\/types\/page"}],"author":[{"embeddable":true,"href":"https:\/\/airconfortvalles.com\/es\/wp-json\/wp\/v2\/users\/1"}],"replies":[{"embeddable":true,"href":"https:\/\/airconfortvalles.com\/es\/wp-json\/wp\/v2\/comments?post=654"}],"version-history":[{"count":2,"href":"https:\/\/airconfortvalles.com\/es\/wp-json\/wp\/v2\/pages\/654\/revisions"}],"predecessor-version":[{"id":1250,"href":"https:\/\/airconfortvalles.com\/es\/wp-json\/wp\/v2\/pages\/654\/revisions\/1250"}],"wp:attachment":[{"href":"https:\/\/airconfortvalles.com\/es\/wp-json\/wp\/v2\/media?parent=654"}],"curies":[{"name":"wp","href":"https:\/\/api.w.org\/{rel}","templated":true}]}}