{"id":1246,"date":"2026-04-21T14:35:33","date_gmt":"2026-04-21T14:35:33","guid":{"rendered":"https:\/\/airconfortvalles.com\/?page_id=1246"},"modified":"2026-04-21T14:35:35","modified_gmt":"2026-04-21T14:35:35","slug":"politica-de-cookies","status":"publish","type":"page","link":"https:\/\/airconfortvalles.com\/es\/politica-de-cookies\/","title":{"rendered":"Pol\u00edtica de cookies"},"content":{"rendered":"<p>Fecha de entrada en vigor: 17 de abril de 2026<\/p>\n<p><\/p>\n<h2>\u00bfQu\u00e9 son las cookies?<\/h2>\n<p>Esta Pol\u00edtica de Cookies explica qu\u00e9 son las cookies y c\u00f3mo las utilizamos, los tipos de cookies que usamos, es decir, la informaci\u00f3n que recopilamos mediante cookies y c\u00f3mo se utiliza dicha informaci\u00f3n, as\u00ed como la forma de gestionar la configuraci\u00f3n de cookies.<\/p>\n<p>Las cookies son peque\u00f1os archivos de texto que se utilizan para almacenar peque\u00f1as piezas de informaci\u00f3n. Se almacenan en tu dispositivo cuando el sitio web se carga en tu navegador. Estas cookies nos ayudan a que el sitio web funcione correctamente, a hacerlo m\u00e1s seguro, a ofrecer una mejor experiencia de usuario, a entender el rendimiento del sitio web y a analizar qu\u00e9 funciona y d\u00f3nde necesita mejoras.<\/p>\n<p> <\/p>\n<h2>\u00bfC\u00f3mo utilizamos las cookies?<\/h2>\n<p>Como la mayor\u00eda de los servicios en l\u00ednea, nuestro sitio web utiliza cookies propias y de terceros con diversos fines. Las cookies propias son en su mayor\u00eda necesarias para que el sitio web funcione correctamente y no recopilan ninguno de tus datos de identificaci\u00f3n personal.<\/p>\n<p>Las cookies de terceros utilizadas en nuestro sitio web sirven principalmente para comprender el rendimiento del sitio, c\u00f3mo interact\u00faas con \u00e9l, mantener nuestros servicios seguros, mostrarte publicidad relevante y, en general, ofrecerte una experiencia de usuario mejor y mejorada, adem\u00e1s de ayudar a agilizar tus futuras interacciones con el sitio.<\/p>\n<p>[wcc_category_list]<\/p>\n<p><\/p>\n<h2>Gestionar las preferencias de cookies<\/h2>\n<p>Puedes cambiar tus preferencias de cookies en cualquier momento haciendo clic en el bot\u00f3n [wcc_preference_button]. Esto te permitir\u00e1 volver a ver el banner de consentimiento de cookies y cambiar tus preferencias o retirar tu consentimiento de inmediato. Adem\u00e1s, los distintos navegadores ofrecen diferentes m\u00e9todos para bloquear y eliminar las cookies utilizadas por los sitios web. Puedes modificar la configuraci\u00f3n de tu navegador para bloquear o eliminar las cookies. A continuaci\u00f3n encontrar\u00e1s los enlaces a los documentos de soporte sobre c\u00f3mo gestionar y eliminar cookies en los principales navegadores web.<\/p>\n<p>Chrome: <a href='https:\/\/support.google.com\/accounts\/answer\/32050'> https:\/\/support.google.com\/accounts\/answer\/32050<\/a><\/p>\n<p>Safari: <a href='https:\/\/support.apple.com\/en-in\/guide\/safari\/sfri11471\/mac'>https:\/\/support.apple.com\/en-in\/guide\/safari\/sfri11471\/mac<\/a> <\/p>\n<p>Firefox: <a href='https:\/\/support.mozilla.org\/en-US\/kb\/clear-cookies-and-site-data-firefox?redirectslug=delete-cookies-remove-info-websites-stored&#038;redirectlocale=en-US'>https:\/\/support.mozilla.org\/en-US\/kb\/clear-cookies-and-site-data-firefox?redirectslug=delete-cookies-remove-info-websites-stored&#038;redirectlocale=en-US<\/a><\/p>\n<p>Microsoft Edge: <a href='https:\/\/support.microsoft.com\/en-us\/microsoft-edge\/delete-cookies-in-microsoft-edge-63947406-40ac-c3b8-57b9-2a946a29ae09'> Eliminar cookies en Microsoft Edge &#8211; Soporte de Microsoft<\/a><\/p>\n<p>Si utilizas cualquier otro navegador web, visita los documentos de soporte oficiales de tu navegador.<\/p>\n","protected":false},"excerpt":{"rendered":"<p>Fecha de entrada en vigor: 17 de abril de 2026 \u00bfQu\u00e9 son las cookies? Esta Pol\u00edtica de Cookies explica qu\u00e9 son las cookies y c\u00f3mo las utilizamos, los tipos de &hellip;<\/p>\n","protected":false},"author":1,"featured_media":0,"parent":0,"menu_order":0,"comment_status":"closed","ping_status":"closed","template":"","meta":{"_acf_changed":false,"footnotes":""},"class_list":["post-1246","page","type-page","status-publish","hentry"],"acf":[],"yoast_head":"<!-- This site is optimized with the Yoast SEO plugin v27.4 - https:\/\/yoast.com\/product\/yoast-seo-wordpress\/ -->\n<title>Pol\u00edtica de cookies - Air Confort<\/title>\n<meta name=\"description\" content=\"Fecha de entrada en vigor: 17 de abril de 2026\u00bfQu\u00e9 son las cookies?Esta Pol\u00edtica de Cookies explica qu\u00e9 son las cookies y c\u00f3mo las utilizamos, los tipos\" \/>\n<meta name=\"robots\" content=\"index, follow, max-snippet:-1, max-image-preview:large, max-video-preview:-1\" \/>\n<link rel=\"canonical\" href=\"https:\/\/airconfortvalles.com\/es\/politica-de-cookies\/\" \/>\n<meta property=\"og:locale\" content=\"es_ES\" \/>\n<meta property=\"og:type\" content=\"article\" \/>\n<meta property=\"og:title\" content=\"Pol\u00edtica de cookies - Air Confort\" \/>\n<meta property=\"og:description\" content=\"Fecha de entrada en vigor: 17 de abril de 2026\u00bfQu\u00e9 son las cookies?Esta Pol\u00edtica de Cookies explica qu\u00e9 son las cookies y c\u00f3mo las utilizamos, los tipos\" \/>\n<meta property=\"og:url\" content=\"https:\/\/airconfortvalles.com\/es\/politica-de-cookies\/\" \/>\n<meta property=\"og:site_name\" content=\"Air Confort\" \/>\n<meta property=\"article:modified_time\" content=\"2026-04-21T14:35:35+00:00\" \/>\n<meta name=\"twitter:card\" content=\"summary_large_image\" \/>\n<meta name=\"twitter:label1\" content=\"Tiempo de lectura\" \/>\n\t<meta name=\"twitter:data1\" content=\"2 minutos\" \/>\n<script type=\"application\/ld+json\" class=\"yoast-schema-graph\">{\"@context\":\"https:\\\/\\\/schema.org\",\"@graph\":[{\"@type\":\"WebPage\",\"@id\":\"https:\\\/\\\/airconfortvalles.com\\\/es\\\/politica-de-cookies\\\/\",\"url\":\"https:\\\/\\\/airconfortvalles.com\\\/es\\\/politica-de-cookies\\\/\",\"name\":\"Pol\u00edtica de cookies - Air Confort\",\"isPartOf\":{\"@id\":\"https:\\\/\\\/airconfortvalles.com\\\/es\\\/#website\"},\"datePublished\":\"2026-04-21T14:35:33+00:00\",\"dateModified\":\"2026-04-21T14:35:35+00:00\",\"description\":\"Fecha de entrada en vigor: 17 de abril de 2026\u00bfQu\u00e9 son las cookies?Esta Pol\u00edtica de Cookies explica qu\u00e9 son las cookies y c\u00f3mo las utilizamos, los tipos\",\"breadcrumb\":{\"@id\":\"https:\\\/\\\/airconfortvalles.com\\\/es\\\/politica-de-cookies\\\/#breadcrumb\"},\"inLanguage\":\"es\",\"potentialAction\":[{\"@type\":\"ReadAction\",\"target\":[\"https:\\\/\\\/airconfortvalles.com\\\/es\\\/politica-de-cookies\\\/\"]}]},{\"@type\":\"BreadcrumbList\",\"@id\":\"https:\\\/\\\/airconfortvalles.com\\\/es\\\/politica-de-cookies\\\/#breadcrumb\",\"itemListElement\":[{\"@type\":\"ListItem\",\"position\":1,\"name\":\"Portada\",\"item\":\"https:\\\/\\\/airconfortvalles.com\\\/es\\\/\"},{\"@type\":\"ListItem\",\"position\":2,\"name\":\"Pol\u00edtica de cookies\"}]},{\"@type\":\"WebSite\",\"@id\":\"https:\\\/\\\/airconfortvalles.com\\\/es\\\/#website\",\"url\":\"https:\\\/\\\/airconfortvalles.com\\\/es\\\/\",\"name\":\"Air Confort\",\"description\":\"Eficiencia energ\u00e9tica y climatizaci\u00f3n en el Vall\u00e8s\",\"publisher\":{\"@id\":\"https:\\\/\\\/airconfortvalles.com\\\/es\\\/#organization\"},\"potentialAction\":[{\"@type\":\"SearchAction\",\"target\":{\"@type\":\"EntryPoint\",\"urlTemplate\":\"https:\\\/\\\/airconfortvalles.com\\\/es\\\/?s={search_term_string}\"},\"query-input\":{\"@type\":\"PropertyValueSpecification\",\"valueRequired\":true,\"valueName\":\"search_term_string\"}}],\"inLanguage\":\"es\"},{\"@type\":\"Organization\",\"@id\":\"https:\\\/\\\/airconfortvalles.com\\\/es\\\/#organization\",\"name\":\"Air Confort\",\"url\":\"https:\\\/\\\/airconfortvalles.com\\\/es\\\/\",\"logo\":{\"@type\":\"ImageObject\",\"inLanguage\":\"es\",\"@id\":\"https:\\\/\\\/airconfortvalles.com\\\/es\\\/#\\\/schema\\\/logo\\\/image\\\/\",\"url\":\"https:\\\/\\\/airconfortvalles.com\\\/wp-content\\\/uploads\\\/AirConfortValles.png\",\"contentUrl\":\"https:\\\/\\\/airconfortvalles.com\\\/wp-content\\\/uploads\\\/AirConfortValles.png\",\"width\":1557,\"height\":169,\"caption\":\"Air Confort\"},\"image\":{\"@id\":\"https:\\\/\\\/airconfortvalles.com\\\/es\\\/#\\\/schema\\\/logo\\\/image\\\/\"}}]}<\/script>\n<!-- \/ Yoast SEO plugin. -->","yoast_head_json":{"title":"Pol\u00edtica de cookies - Air Confort","description":"Fecha de entrada en vigor: 17 de abril de 2026\u00bfQu\u00e9 son las cookies?Esta Pol\u00edtica de Cookies explica qu\u00e9 son las cookies y c\u00f3mo las utilizamos, los tipos","robots":{"index":"index","follow":"follow","max-snippet":"max-snippet:-1","max-image-preview":"max-image-preview:large","max-video-preview":"max-video-preview:-1"},"canonical":"https:\/\/airconfortvalles.com\/es\/politica-de-cookies\/","og_locale":"es_ES","og_type":"article","og_title":"Pol\u00edtica de cookies - Air Confort","og_description":"Fecha de entrada en vigor: 17 de abril de 2026\u00bfQu\u00e9 son las cookies?Esta Pol\u00edtica de Cookies explica qu\u00e9 son las cookies y c\u00f3mo las utilizamos, los tipos","og_url":"https:\/\/airconfortvalles.com\/es\/politica-de-cookies\/","og_site_name":"Air Confort","article_modified_time":"2026-04-21T14:35:35+00:00","twitter_card":"summary_large_image","twitter_misc":{"Tiempo de lectura":"2 minutos"},"schema":{"@context":"https:\/\/schema.org","@graph":[{"@type":"WebPage","@id":"https:\/\/airconfortvalles.com\/es\/politica-de-cookies\/","url":"https:\/\/airconfortvalles.com\/es\/politica-de-cookies\/","name":"Pol\u00edtica de cookies - Air Confort","isPartOf":{"@id":"https:\/\/airconfortvalles.com\/es\/#website"},"datePublished":"2026-04-21T14:35:33+00:00","dateModified":"2026-04-21T14:35:35+00:00","description":"Fecha de entrada en vigor: 17 de abril de 2026\u00bfQu\u00e9 son las cookies?Esta Pol\u00edtica de Cookies explica qu\u00e9 son las cookies y c\u00f3mo las utilizamos, los tipos","breadcrumb":{"@id":"https:\/\/airconfortvalles.com\/es\/politica-de-cookies\/#breadcrumb"},"inLanguage":"es","potentialAction":[{"@type":"ReadAction","target":["https:\/\/airconfortvalles.com\/es\/politica-de-cookies\/"]}]},{"@type":"BreadcrumbList","@id":"https:\/\/airconfortvalles.com\/es\/politica-de-cookies\/#breadcrumb","itemListElement":[{"@type":"ListItem","position":1,"name":"Portada","item":"https:\/\/airconfortvalles.com\/es\/"},{"@type":"ListItem","position":2,"name":"Pol\u00edtica de cookies"}]},{"@type":"WebSite","@id":"https:\/\/airconfortvalles.com\/es\/#website","url":"https:\/\/airconfortvalles.com\/es\/","name":"Air Confort","description":"Eficiencia energ\u00e9tica y climatizaci\u00f3n en el Vall\u00e8s","publisher":{"@id":"https:\/\/airconfortvalles.com\/es\/#organization"},"potentialAction":[{"@type":"SearchAction","target":{"@type":"EntryPoint","urlTemplate":"https:\/\/airconfortvalles.com\/es\/?s={search_term_string}"},"query-input":{"@type":"PropertyValueSpecification","valueRequired":true,"valueName":"search_term_string"}}],"inLanguage":"es"},{"@type":"Organization","@id":"https:\/\/airconfortvalles.com\/es\/#organization","name":"Air Confort","url":"https:\/\/airconfortvalles.com\/es\/","logo":{"@type":"ImageObject","inLanguage":"es","@id":"https:\/\/airconfortvalles.com\/es\/#\/schema\/logo\/image\/","url":"https:\/\/airconfortvalles.com\/wp-content\/uploads\/AirConfortValles.png","contentUrl":"https:\/\/airconfortvalles.com\/wp-content\/uploads\/AirConfortValles.png","width":1557,"height":169,"caption":"Air Confort"},"image":{"@id":"https:\/\/airconfortvalles.com\/es\/#\/schema\/logo\/image\/"}}]}},"_links":{"self":[{"href":"https:\/\/airconfortvalles.com\/es\/wp-json\/wp\/v2\/pages\/1246","targetHints":{"allow":["GET"]}}],"collection":[{"href":"https:\/\/airconfortvalles.com\/es\/wp-json\/wp\/v2\/pages"}],"about":[{"href":"https:\/\/airconfortvalles.com\/es\/wp-json\/wp\/v2\/types\/page"}],"author":[{"embeddable":true,"href":"https:\/\/airconfortvalles.com\/es\/wp-json\/wp\/v2\/users\/1"}],"replies":[{"embeddable":true,"href":"https:\/\/airconfortvalles.com\/es\/wp-json\/wp\/v2\/comments?post=1246"}],"version-history":[{"count":1,"href":"https:\/\/airconfortvalles.com\/es\/wp-json\/wp\/v2\/pages\/1246\/revisions"}],"predecessor-version":[{"id":1247,"href":"https:\/\/airconfortvalles.com\/es\/wp-json\/wp\/v2\/pages\/1246\/revisions\/1247"}],"wp:attachment":[{"href":"https:\/\/airconfortvalles.com\/es\/wp-json\/wp\/v2\/media?parent=1246"}],"curies":[{"name":"wp","href":"https:\/\/api.w.org\/{rel}","templated":true}]}}